{"id":2,"date":"2021-09-25T09:38:54","date_gmt":"2021-09-25T09:38:54","guid":{"rendered":"https:\/\/www.sgrail.country\/colombia\/?page_id=2"},"modified":"2021-09-29T04:29:17","modified_gmt":"2021-09-29T04:29:17","slug":"imprint","status":"publish","type":"page","link":"https:\/\/www.sgrail.country\/colombia\/imprint\/","title":{"rendered":"Imprint"},"content":{"rendered":"<p>[et_pb_section fb_built=&#8221;1&#8243; admin_label=&#8221;section&#8221; _builder_version=&#8221;3.22&#8243; global_colors_info=&#8221;{}&#8221;][et_pb_row admin_label=&#8221;row&#8221; _builder_version=&#8221;3.25&#8243; background_size=&#8221;initial&#8221; background_position=&#8221;top_left&#8221; background_repeat=&#8221;repeat&#8221; global_colors_info=&#8221;{}&#8221;][et_pb_column type=&#8221;4_4&#8243; _builder_version=&#8221;3.25&#8243; custom_padding=&#8221;|||&#8221; global_colors_info=&#8221;{}&#8221; custom_padding__hover=&#8221;|||&#8221;][et_pb_text admin_label=&#8221;Text&#8221; _builder_version=&#8221;4.10.8&#8243; background_size=&#8221;initial&#8221; background_position=&#8221;top_left&#8221; background_repeat=&#8221;repeat&#8221; hover_enabled=&#8221;0&#8243; global_colors_info=&#8221;{}&#8221; sticky_enabled=&#8221;0&#8243;]<\/p>\n<h1>Impressum<\/h1>\n<h2>Angaben gem\u00e4\u00df \u00a7 5 TMG:<\/h2>\n<p>Plan A GmbH<\/p>\n<h3>Postanschrift:<\/h3>\n<p>Metzer Str. 50<br \/>66117 Saarbruecken<\/p>\n<h3>Kontakt:<\/h3>\n<p>Telefon: <br \/>E-Mail: info@sgrail100.com<\/p>\n<\/p>\n<h3>Vertreten durch:<\/h3>\n<p>Felix R\u00fcdiger<\/p>\n<\/p>\n<h3>Eingetragen am<\/h3>\n<p>HRB<br \/>17899<\/p>\n<\/p>\n<h3>Umsatzsteuer-Identifikationsnummer<\/h3>\n<p>DE265453362<\/p>\n<p><\/p>\n<\/p>\n<h2>Hinweise zur Website<\/h2>\n<\/p>\n<h2>Information gem\u00e4\u00df \u00a7 36 VSBG<\/h2>\n<p>Gem\u00e4\u00df \u00a7 36 VSBG (Verbraucherstreitbeilegungsgesetz \u2013 Gesetz \u00fcber die alternative Streitbeilegung in Verbrauchersachen) erkl\u00e4rt der Betreiber dieser Website:<\/p>\n<p>Wir sind weder bereit noch verpflichtet, an Streitbeilegungsverfahren vor einer Verbraucherschlichtungsstelle teilzunehmen.<\/p>\n<\/p>\n<p><em>Das Impressum wurde mit dem <a href=\"https:\/\/www.activemind.de\/datenschutz\/impressums-generator\/\">Impressums-Generator der activeMind AG<\/a> erstellt.<\/em><\/p>\n<p>[\/et_pb_text][\/et_pb_column][\/et_pb_row][\/et_pb_section]<\/p>\n","protected":false},"excerpt":{"rendered":"<p>Impressum Angaben gem\u00e4\u00df \u00a7 5 TMG: Plan A GmbH Postanschrift: Metzer Str. 5066117 Saarbruecken Kontakt: Telefon: E-Mail: info@sgrail100.com Vertreten durch: Felix R\u00fcdiger Eingetragen am HRB17899 Umsatzsteuer-Identifikationsnummer DE265453362 Hinweise zur Website Information gem\u00e4\u00df \u00a7 36 VSBG Gem\u00e4\u00df \u00a7 36 VSBG (Verbraucherstreitbeilegungsgesetz \u2013 Gesetz \u00fcber die alternative Streitbeilegung in Verbrauchersachen) erkl\u00e4rt der Betreiber dieser Website: Wir sind [&hellip;]<\/p>\n","protected":false},"author":1,"featured_media":0,"parent":0,"menu_order":0,"comment_status":"closed","ping_status":"closed","template":"","meta":{"_et_pb_use_builder":"on","_et_pb_old_content":"<!-- wp:paragraph -->\n<p>This is an example page. It's different from a blog post because it will stay in one place and will show up in your site navigation (in most themes). Most people start with an About page that introduces them to potential site visitors. It might say something like this:<\/p>\n<!-- \/wp:paragraph -->\n\n<!-- wp:quote -->\n<blockquote class=\"wp-block-quote\"><p>Hi there! I'm a bike messenger by day, aspiring actor by night, and this is my website. I live in Los Angeles, have a great dog named Jack, and I like pi&#241;a coladas. (And gettin' caught in the rain.)<\/p><\/blockquote>\n<!-- \/wp:quote -->\n\n<!-- wp:paragraph -->\n<p>...or something like this:<\/p>\n<!-- \/wp:paragraph -->\n\n<!-- wp:quote -->\n<blockquote class=\"wp-block-quote\"><p>The XYZ Doohickey Company was founded in 1971, and has been providing quality doohickeys to the public ever since. Located in Gotham City, XYZ employs over 2,000 people and does all kinds of awesome things for the Gotham community.<\/p><\/blockquote>\n<!-- \/wp:quote -->\n\n<!-- wp:paragraph -->\n<p>As a new WordPress user, you should go to <a href=\"https:\/\/sgrail100.com\/wp-admin\/\">your dashboard<\/a> to delete this page and create new pages for your content. Have fun!<\/p>\n<!-- \/wp:paragraph -->","_et_gb_content_width":"","footnotes":""},"yoast_head":"<!-- This site is optimized with the Yoast SEO plugin v21.7 - https:\/\/yoast.com\/wordpress\/plugins\/seo\/ -->\n<title>Imprint - SGRAIL Colombia<\/title>\n<meta name=\"robots\" content=\"index, follow, max-snippet:-1, max-image-preview:large, max-video-preview:-1\" \/>\n<link rel=\"canonical\" href=\"https:\/\/www.sgrail.country\/colombia\/imprint\/\" \/>\n<meta property=\"og:locale\" content=\"es_ES\" \/>\n<meta property=\"og:type\" content=\"article\" \/>\n<meta property=\"og:title\" content=\"Imprint - SGRAIL Colombia\" \/>\n<meta property=\"og:description\" content=\"Impressum Angaben gem\u00e4\u00df \u00a7 5 TMG: Plan A GmbH Postanschrift: Metzer Str. 5066117 Saarbruecken Kontakt: Telefon: E-Mail: info@sgrail100.com Vertreten durch: Felix R\u00fcdiger Eingetragen am HRB17899 Umsatzsteuer-Identifikationsnummer DE265453362 Hinweise zur Website Information gem\u00e4\u00df \u00a7 36 VSBG Gem\u00e4\u00df \u00a7 36 VSBG (Verbraucherstreitbeilegungsgesetz \u2013 Gesetz \u00fcber die alternative Streitbeilegung in Verbrauchersachen) erkl\u00e4rt der Betreiber dieser Website: Wir sind [&hellip;]\" \/>\n<meta property=\"og:url\" content=\"https:\/\/www.sgrail.country\/colombia\/imprint\/\" \/>\n<meta property=\"og:site_name\" content=\"SGRAIL Colombia\" \/>\n<meta property=\"article:modified_time\" content=\"2021-09-29T04:29:17+00:00\" \/>\n<meta name=\"twitter:card\" content=\"summary_large_image\" \/>\n<meta name=\"twitter:label1\" content=\"Tiempo estimado de lectura\" \/>\n\t<meta name=\"twitter:data1\" content=\"1 minuto\" \/>\n<script type=\"application\/ld+json\" class=\"yoast-schema-graph\">{\"@context\":\"https:\/\/schema.org\",\"@graph\":[{\"@type\":\"WebPage\",\"@id\":\"https:\/\/www.sgrail.country\/colombia\/imprint\/\",\"url\":\"https:\/\/www.sgrail.country\/colombia\/imprint\/\",\"name\":\"Imprint - SGRAIL Colombia\",\"isPartOf\":{\"@id\":\"https:\/\/www.sgrail.country\/colombia\/#website\"},\"datePublished\":\"2021-09-25T09:38:54+00:00\",\"dateModified\":\"2021-09-29T04:29:17+00:00\",\"breadcrumb\":{\"@id\":\"https:\/\/www.sgrail.country\/colombia\/imprint\/#breadcrumb\"},\"inLanguage\":\"es-CO\",\"potentialAction\":[{\"@type\":\"ReadAction\",\"target\":[\"https:\/\/www.sgrail.country\/colombia\/imprint\/\"]}]},{\"@type\":\"BreadcrumbList\",\"@id\":\"https:\/\/www.sgrail.country\/colombia\/imprint\/#breadcrumb\",\"itemListElement\":[{\"@type\":\"ListItem\",\"position\":1,\"name\":\"Home\",\"item\":\"https:\/\/www.sgrail.country\/colombia\/\"},{\"@type\":\"ListItem\",\"position\":2,\"name\":\"Imprint\"}]},{\"@type\":\"WebSite\",\"@id\":\"https:\/\/www.sgrail.country\/colombia\/#website\",\"url\":\"https:\/\/www.sgrail.country\/colombia\/\",\"name\":\"SGRAIL Colombia\",\"description\":\"SWIM - GRAVEL - TRAIL\",\"potentialAction\":[{\"@type\":\"SearchAction\",\"target\":{\"@type\":\"EntryPoint\",\"urlTemplate\":\"https:\/\/www.sgrail.country\/colombia\/?s={search_term_string}\"},\"query-input\":\"required name=search_term_string\"}],\"inLanguage\":\"es-CO\"}]}<\/script>\n<!-- \/ Yoast SEO plugin. -->","yoast_head_json":{"title":"Imprint - SGRAIL Colombia","robots":{"index":"index","follow":"follow","max-snippet":"max-snippet:-1","max-image-preview":"max-image-preview:large","max-video-preview":"max-video-preview:-1"},"canonical":"https:\/\/www.sgrail.country\/colombia\/imprint\/","og_locale":"es_ES","og_type":"article","og_title":"Imprint - SGRAIL Colombia","og_description":"Impressum Angaben gem\u00e4\u00df \u00a7 5 TMG: Plan A GmbH Postanschrift: Metzer Str. 5066117 Saarbruecken Kontakt: Telefon: E-Mail: info@sgrail100.com Vertreten durch: Felix R\u00fcdiger Eingetragen am HRB17899 Umsatzsteuer-Identifikationsnummer DE265453362 Hinweise zur Website Information gem\u00e4\u00df \u00a7 36 VSBG Gem\u00e4\u00df \u00a7 36 VSBG (Verbraucherstreitbeilegungsgesetz \u2013 Gesetz \u00fcber die alternative Streitbeilegung in Verbrauchersachen) erkl\u00e4rt der Betreiber dieser Website: Wir sind [&hellip;]","og_url":"https:\/\/www.sgrail.country\/colombia\/imprint\/","og_site_name":"SGRAIL Colombia","article_modified_time":"2021-09-29T04:29:17+00:00","twitter_card":"summary_large_image","twitter_misc":{"Tiempo estimado de lectura":"1 minuto"},"schema":{"@context":"https:\/\/schema.org","@graph":[{"@type":"WebPage","@id":"https:\/\/www.sgrail.country\/colombia\/imprint\/","url":"https:\/\/www.sgrail.country\/colombia\/imprint\/","name":"Imprint - SGRAIL Colombia","isPartOf":{"@id":"https:\/\/www.sgrail.country\/colombia\/#website"},"datePublished":"2021-09-25T09:38:54+00:00","dateModified":"2021-09-29T04:29:17+00:00","breadcrumb":{"@id":"https:\/\/www.sgrail.country\/colombia\/imprint\/#breadcrumb"},"inLanguage":"es-CO","potentialAction":[{"@type":"ReadAction","target":["https:\/\/www.sgrail.country\/colombia\/imprint\/"]}]},{"@type":"BreadcrumbList","@id":"https:\/\/www.sgrail.country\/colombia\/imprint\/#breadcrumb","itemListElement":[{"@type":"ListItem","position":1,"name":"Home","item":"https:\/\/www.sgrail.country\/colombia\/"},{"@type":"ListItem","position":2,"name":"Imprint"}]},{"@type":"WebSite","@id":"https:\/\/www.sgrail.country\/colombia\/#website","url":"https:\/\/www.sgrail.country\/colombia\/","name":"SGRAIL Colombia","description":"SWIM - GRAVEL - TRAIL","potentialAction":[{"@type":"SearchAction","target":{"@type":"EntryPoint","urlTemplate":"https:\/\/www.sgrail.country\/colombia\/?s={search_term_string}"},"query-input":"required name=search_term_string"}],"inLanguage":"es-CO"}]}},"_links":{"self":[{"href":"https:\/\/www.sgrail.country\/colombia\/wp-json\/wp\/v2\/pages\/2"}],"collection":[{"href":"https:\/\/www.sgrail.country\/colombia\/wp-json\/wp\/v2\/pages"}],"about":[{"href":"https:\/\/www.sgrail.country\/colombia\/wp-json\/wp\/v2\/types\/page"}],"author":[{"embeddable":true,"href":"https:\/\/www.sgrail.country\/colombia\/wp-json\/wp\/v2\/users\/1"}],"replies":[{"embeddable":true,"href":"https:\/\/www.sgrail.country\/colombia\/wp-json\/wp\/v2\/comments?post=2"}],"version-history":[{"count":3,"href":"https:\/\/www.sgrail.country\/colombia\/wp-json\/wp\/v2\/pages\/2\/revisions"}],"predecessor-version":[{"id":331,"href":"https:\/\/www.sgrail.country\/colombia\/wp-json\/wp\/v2\/pages\/2\/revisions\/331"}],"wp:attachment":[{"href":"https:\/\/www.sgrail.country\/colombia\/wp-json\/wp\/v2\/media?parent=2"}],"curies":[{"name":"wp","href":"https:\/\/api.w.org\/{rel}","templated":true}]}}