{"id":47,"date":"2021-09-25T10:34:41","date_gmt":"2021-09-25T10:34:41","guid":{"rendered":"https:\/\/sgrail100.com\/?page_id=47"},"modified":"2023-12-14T20:44:23","modified_gmt":"2023-12-14T20:44:23","slug":"vision","status":"publish","type":"page","link":"https:\/\/www.sgrail.country\/colombia\/vision\/","title":{"rendered":"Vision"},"content":{"rendered":"<p>[et_pb_section fb_built=&#8221;1&#8243; fullwidth=&#8221;on&#8221; _builder_version=&#8221;4.16&#8243; _module_preset=&#8221;default&#8221; global_colors_info=&#8221;{}&#8221;][et_pb_fullwidth_image src=&#8221;https:\/\/sgrail100.com\/wp-content\/uploads\/2022\/11\/Sgrail22_bike3.jpg&#8221; alt=&#8221;GRAVEL&#8221; title_text=&#8221;Sgrail22_bike3&#8243; _builder_version=&#8221;4.18.1&#8243; _module_preset=&#8221;default&#8221; global_colors_info=&#8221;{}&#8221;][\/et_pb_fullwidth_image][\/et_pb_section][et_pb_section fb_built=&#8221;1&#8243; admin_label=&#8221;About&#8221; _builder_version=&#8221;4.16&#8243; global_colors_info=&#8221;{}&#8221;][et_pb_row _builder_version=&#8221;4.16&#8243; global_colors_info=&#8221;{}&#8221;][et_pb_column type=&#8221;4_4&#8243; _builder_version=&#8221;4.16&#8243; custom_padding=&#8221;|||&#8221; global_colors_info=&#8221;{}&#8221; custom_padding__hover=&#8221;|||&#8221;][et_pb_text _builder_version=&#8221;4.16&#8243; text_font=&#8221;||||||||&#8221; header_font=&#8221;||||||||&#8221; header_2_font=&#8221;Montserrat|500|||||||&#8221; header_2_font_size=&#8221;30px&#8221; text_orientation=&#8221;center&#8221; global_colors_info=&#8221;{}&#8221;]<\/p>\n<h2>POR QU\u00c9 y PARA QUI\u00c9N y PARA QU\u00c9<\/h2>\n<p>[\/et_pb_text][\/et_pb_column][\/et_pb_row][et_pb_row column_structure=&#8221;2_5,3_5&#8243; _builder_version=&#8221;4.16&#8243; _module_preset=&#8221;default&#8221; global_colors_info=&#8221;{}&#8221;][et_pb_column type=&#8221;2_5&#8243; _builder_version=&#8221;4.16&#8243; _module_preset=&#8221;default&#8221; global_colors_info=&#8221;{}&#8221;][et_pb_image src=&#8221;https:\/\/www.sgrail.country\/colombia\/wp-content\/uploads\/2023\/12\/JanSgrail.jpg&#8221; title_text=&#8221;JanSgrail&#8221; _builder_version=&#8221;4.23.1&#8243; _module_preset=&#8221;default&#8221; global_colors_info=&#8221;{}&#8221;][\/et_pb_image][\/et_pb_column][et_pb_column type=&#8221;3_5&#8243; _builder_version=&#8221;4.16&#8243; _module_preset=&#8221;default&#8221; global_colors_info=&#8221;{}&#8221;][et_pb_text _builder_version=&#8221;4.16&#8243; _module_preset=&#8221;default&#8221; global_colors_info=&#8221;{}&#8221;]<\/p>\n<div dir=\"ltr\">\n<p>SGRAIL nace en Girona-Espa\u00f1a a finales del Covid en el 2020 e iniciando el 2021.\u00a0 Despu\u00e9s de 3 a\u00f1os de \u00e9xito en Catalu\u00f1a, el equipo SGRAIL junto a la \u201cCABRA\u201d del Triatl\u00f3n Jan Frodeno (GOAT) llega a Anapoima\/Colombia a vivir una nueva aventura a nivel internacional. La primera carrera de SGRAIL que le abre las puertas a una serie de eventos a nivel global.<\/p>\n<div>\n<p>SGRAIL ofrece una experiencia completamente nueva a la comunidad de Triatl\u00f3n, enfoc\u00e1ndose mucho m\u00e1s en la naturaleza y la DIVERSION sin dejar a un lado lo que m\u00e1s nos caracteriza y nos diferencia.<\/p>\n<p>Esta carrera logra combinar de la mejor manera la aventura, la competencia, el deporte y sobre todo un buen parche. Un fin de semana disfrutando de un festival con buena comida, buen caf\u00e9, paisajes alucinantes y mucho estilo a la hora de competir.<\/p>\n<p>&#8220;La pregunta que m\u00e1s nos hace la gente es: \u00bfQu\u00e9 sigue ahora? \u00bfQu\u00e9 t\u00edtulo o r\u00e9cord est\u00e1n buscando conquistar? <br \/>Y la verdad es que estamos aqu\u00ed porque amamos este deporte y toda su diversidad. Desde los nervios antes de las grandes carreras hasta las alegr\u00edas y sufrimiento que se vive en el proceso para nadar, montar horas eternas en bici y correr por lugares desconocidos. \u00a0<br \/>Entendimos que es justo en ese momento cuando la naturaleza es nuestro lugar para jugar, explorar y retarnos. Sabemos que perdernos hace parte de esta aventura y que cuando encontramos la ruta otra vez, es porque hac\u00eda parte del viaje.<\/p>\n<\/div>\n<div>De aqu\u00ed es de donde nace SGRAIL: despu\u00e9s de haber descubierto nuevos entornos con amigos y habernos retado a ser mejores deportistas y personas que terminaban largas jornadas de aventura con una cerveza, un vino y un caf\u00e9 en la mano contando las mejores historias.&#8221; JAN FRODENO<\/div>\n<\/div>\n<p>[\/et_pb_text][\/et_pb_column][\/et_pb_row][et_pb_row _builder_version=&#8221;4.23.1&#8243; _module_preset=&#8221;default&#8221;][et_pb_column _builder_version=&#8221;4.23.1&#8243; _module_preset=&#8221;default&#8221; type=&#8221;4_4&#8243;][et_pb_text _builder_version=&#8221;4.23.1&#8243; _module_preset=&#8221;default&#8221; hover_enabled=&#8221;0&#8243; sticky_enabled=&#8221;0&#8243; link_option_url=&#8221;https:\/\/sgrail100.com\/vibe\/&#8221; link_option_url_new_window=&#8221;on&#8221;]<\/p>\n<h4 style=\"text-align: center;\">Consulta aqu\u00ed el ambiente del SGRAIL100 de Girona durante los \u00faltimos a\u00f1os:<span style=\"color: #e09900;\"><a href=\"https:\/\/sgrail100.com\/vibe\/\" style=\"color: #e09900;\"><span style=\"font-size: x-large;\"><\/span><\/a><\/span><\/h4>\n<h4 style=\"text-align: center;\"><span style=\"color: #e09900;\"><a href=\"https:\/\/sgrail100.com\/vibe\/\" style=\"color: #e09900;\"><span style=\"font-size: x-large;\">THE SGRAIL VIBE<\/span><\/a><\/span><\/h4>\n<h4 style=\"text-align: center;\"><span style=\"color: #e09900;\"><a href=\"https:\/\/sgrail100.com\/vibe\/\" style=\"color: #e09900;\"><span style=\"font-size: x-large;\">\u00a0<\/span><\/a><\/span><\/h4>\n<p>[\/et_pb_text][\/et_pb_column][\/et_pb_row][et_pb_row _builder_version=&#8221;4.23.1&#8243; _module_preset=&#8221;default&#8221;][et_pb_column _builder_version=&#8221;4.23.1&#8243; _module_preset=&#8221;default&#8221; type=&#8221;4_4&#8243;][et_pb_image src=&#8221;https:\/\/www.sgrail.country\/colombia\/wp-content\/uploads\/2022\/11\/Sgrail22_run3.jpg&#8221; _builder_version=&#8221;4.23.1&#8243; _module_preset=&#8221;default&#8221; title_text=&#8221;Sgrail22_run3&#8243; hover_enabled=&#8221;0&#8243; sticky_enabled=&#8221;0&#8243; max_width=&#8221;75%&#8221; align=&#8221;center&#8221; url=&#8221;https:\/\/sgrail100.com\/vibe\/&#8221; url_new_window=&#8221;on&#8221;][\/et_pb_image][\/et_pb_column][\/et_pb_row][\/et_pb_section]<\/p>\n","protected":false},"excerpt":{"rendered":"<p>POR QU\u00c9 y PARA QUI\u00c9N y PARA QU\u00c9 SGRAIL nace en Girona-Espa\u00f1a a finales del Covid en el 2020 e iniciando el 2021.\u00a0 Despu\u00e9s de 3 a\u00f1os de \u00e9xito en Catalu\u00f1a, el equipo SGRAIL junto a la \u201cCABRA\u201d del Triatl\u00f3n Jan Frodeno (GOAT) llega a Anapoima\/Colombia a vivir una nueva aventura a nivel internacional. La [&hellip;]<\/p>\n","protected":false},"author":1,"featured_media":0,"parent":0,"menu_order":0,"comment_status":"closed","ping_status":"closed","template":"","meta":{"_et_pb_use_builder":"on","_et_pb_old_content":"<!-- wp:divi\/placeholder \/-->","_et_gb_content_width":"","footnotes":""},"yoast_head":"<!-- This site is optimized with the Yoast SEO plugin v21.7 - https:\/\/yoast.com\/wordpress\/plugins\/seo\/ -->\n<title>Vision - SGRAIL Colombia<\/title>\n<meta name=\"robots\" content=\"index, follow, max-snippet:-1, max-image-preview:large, max-video-preview:-1\" \/>\n<link rel=\"canonical\" href=\"https:\/\/www.sgrail.country\/colombia\/vision\/\" \/>\n<meta property=\"og:locale\" content=\"es_ES\" \/>\n<meta property=\"og:type\" content=\"article\" \/>\n<meta property=\"og:title\" content=\"Vision - SGRAIL Colombia\" \/>\n<meta property=\"og:description\" content=\"POR QU\u00c9 y PARA QUI\u00c9N y PARA QU\u00c9 SGRAIL nace en Girona-Espa\u00f1a a finales del Covid en el 2020 e iniciando el 2021.\u00a0 Despu\u00e9s de 3 a\u00f1os de \u00e9xito en Catalu\u00f1a, el equipo SGRAIL junto a la \u201cCABRA\u201d del Triatl\u00f3n Jan Frodeno (GOAT) llega a Anapoima\/Colombia a vivir una nueva aventura a nivel internacional. La [&hellip;]\" \/>\n<meta property=\"og:url\" content=\"https:\/\/www.sgrail.country\/colombia\/vision\/\" \/>\n<meta property=\"og:site_name\" content=\"SGRAIL Colombia\" \/>\n<meta property=\"article:modified_time\" content=\"2023-12-14T20:44:23+00:00\" \/>\n<meta name=\"twitter:card\" content=\"summary_large_image\" \/>\n<meta name=\"twitter:label1\" content=\"Tiempo estimado de lectura\" \/>\n\t<meta name=\"twitter:data1\" content=\"3 minutos\" \/>\n<script type=\"application\/ld+json\" class=\"yoast-schema-graph\">{\"@context\":\"https:\/\/schema.org\",\"@graph\":[{\"@type\":\"WebPage\",\"@id\":\"https:\/\/www.sgrail.country\/colombia\/vision\/\",\"url\":\"https:\/\/www.sgrail.country\/colombia\/vision\/\",\"name\":\"Vision - SGRAIL Colombia\",\"isPartOf\":{\"@id\":\"https:\/\/www.sgrail.country\/colombia\/#website\"},\"datePublished\":\"2021-09-25T10:34:41+00:00\",\"dateModified\":\"2023-12-14T20:44:23+00:00\",\"breadcrumb\":{\"@id\":\"https:\/\/www.sgrail.country\/colombia\/vision\/#breadcrumb\"},\"inLanguage\":\"es-CO\",\"potentialAction\":[{\"@type\":\"ReadAction\",\"target\":[\"https:\/\/www.sgrail.country\/colombia\/vision\/\"]}]},{\"@type\":\"BreadcrumbList\",\"@id\":\"https:\/\/www.sgrail.country\/colombia\/vision\/#breadcrumb\",\"itemListElement\":[{\"@type\":\"ListItem\",\"position\":1,\"name\":\"Home\",\"item\":\"https:\/\/www.sgrail.country\/colombia\/\"},{\"@type\":\"ListItem\",\"position\":2,\"name\":\"Vision\"}]},{\"@type\":\"WebSite\",\"@id\":\"https:\/\/www.sgrail.country\/colombia\/#website\",\"url\":\"https:\/\/www.sgrail.country\/colombia\/\",\"name\":\"SGRAIL Colombia\",\"description\":\"SWIM - GRAVEL - TRAIL\",\"potentialAction\":[{\"@type\":\"SearchAction\",\"target\":{\"@type\":\"EntryPoint\",\"urlTemplate\":\"https:\/\/www.sgrail.country\/colombia\/?s={search_term_string}\"},\"query-input\":\"required name=search_term_string\"}],\"inLanguage\":\"es-CO\"}]}<\/script>\n<!-- \/ Yoast SEO plugin. -->","yoast_head_json":{"title":"Vision - SGRAIL Colombia","robots":{"index":"index","follow":"follow","max-snippet":"max-snippet:-1","max-image-preview":"max-image-preview:large","max-video-preview":"max-video-preview:-1"},"canonical":"https:\/\/www.sgrail.country\/colombia\/vision\/","og_locale":"es_ES","og_type":"article","og_title":"Vision - SGRAIL Colombia","og_description":"POR QU\u00c9 y PARA QUI\u00c9N y PARA QU\u00c9 SGRAIL nace en Girona-Espa\u00f1a a finales del Covid en el 2020 e iniciando el 2021.\u00a0 Despu\u00e9s de 3 a\u00f1os de \u00e9xito en Catalu\u00f1a, el equipo SGRAIL junto a la \u201cCABRA\u201d del Triatl\u00f3n Jan Frodeno (GOAT) llega a Anapoima\/Colombia a vivir una nueva aventura a nivel internacional. La [&hellip;]","og_url":"https:\/\/www.sgrail.country\/colombia\/vision\/","og_site_name":"SGRAIL Colombia","article_modified_time":"2023-12-14T20:44:23+00:00","twitter_card":"summary_large_image","twitter_misc":{"Tiempo estimado de lectura":"3 minutos"},"schema":{"@context":"https:\/\/schema.org","@graph":[{"@type":"WebPage","@id":"https:\/\/www.sgrail.country\/colombia\/vision\/","url":"https:\/\/www.sgrail.country\/colombia\/vision\/","name":"Vision - SGRAIL Colombia","isPartOf":{"@id":"https:\/\/www.sgrail.country\/colombia\/#website"},"datePublished":"2021-09-25T10:34:41+00:00","dateModified":"2023-12-14T20:44:23+00:00","breadcrumb":{"@id":"https:\/\/www.sgrail.country\/colombia\/vision\/#breadcrumb"},"inLanguage":"es-CO","potentialAction":[{"@type":"ReadAction","target":["https:\/\/www.sgrail.country\/colombia\/vision\/"]}]},{"@type":"BreadcrumbList","@id":"https:\/\/www.sgrail.country\/colombia\/vision\/#breadcrumb","itemListElement":[{"@type":"ListItem","position":1,"name":"Home","item":"https:\/\/www.sgrail.country\/colombia\/"},{"@type":"ListItem","position":2,"name":"Vision"}]},{"@type":"WebSite","@id":"https:\/\/www.sgrail.country\/colombia\/#website","url":"https:\/\/www.sgrail.country\/colombia\/","name":"SGRAIL Colombia","description":"SWIM - GRAVEL - TRAIL","potentialAction":[{"@type":"SearchAction","target":{"@type":"EntryPoint","urlTemplate":"https:\/\/www.sgrail.country\/colombia\/?s={search_term_string}"},"query-input":"required name=search_term_string"}],"inLanguage":"es-CO"}]}},"_links":{"self":[{"href":"https:\/\/www.sgrail.country\/colombia\/wp-json\/wp\/v2\/pages\/47"}],"collection":[{"href":"https:\/\/www.sgrail.country\/colombia\/wp-json\/wp\/v2\/pages"}],"about":[{"href":"https:\/\/www.sgrail.country\/colombia\/wp-json\/wp\/v2\/types\/page"}],"author":[{"embeddable":true,"href":"https:\/\/www.sgrail.country\/colombia\/wp-json\/wp\/v2\/users\/1"}],"replies":[{"embeddable":true,"href":"https:\/\/www.sgrail.country\/colombia\/wp-json\/wp\/v2\/comments?post=47"}],"version-history":[{"count":21,"href":"https:\/\/www.sgrail.country\/colombia\/wp-json\/wp\/v2\/pages\/47\/revisions"}],"predecessor-version":[{"id":1837,"href":"https:\/\/www.sgrail.country\/colombia\/wp-json\/wp\/v2\/pages\/47\/revisions\/1837"}],"wp:attachment":[{"href":"https:\/\/www.sgrail.country\/colombia\/wp-json\/wp\/v2\/media?parent=47"}],"curies":[{"name":"wp","href":"https:\/\/api.w.org\/{rel}","templated":true}]}}