{"id":235,"date":"2021-09-28T11:01:28","date_gmt":"2021-09-28T11:01:28","guid":{"rendered":"https:\/\/www.sgrail.country\/silvaplana.com\/?page_id=235"},"modified":"2026-03-23T18:21:36","modified_gmt":"2026-03-23T17:21:36","slug":"how-to-get-there","status":"publish","type":"page","link":"https:\/\/www.sgrail.country\/silvaplana\/how-to-get-there\/","title":{"rendered":"How to get there"},"content":{"rendered":"\n[et_pb_section fb_built=&#8220;1&#8243; fullwidth=&#8220;on&#8220; _builder_version=&#8220;4.16&#8243; _module_preset=&#8220;default&#8220; global_colors_info=&#8220;{}&#8220;][\/et_pb_section][et_pb_section fb_built=&#8220;1&#8243; fullwidth=&#8220;on&#8220; _builder_version=&#8220;4.16&#8243; _module_preset=&#8220;default&#8220; global_colors_info=&#8220;{}&#8220;][et_pb_fullwidth_code _builder_version=&#8220;4.27.4&#8243; _module_preset=&#8220;default&#8220; global_colors_info=&#8220;{}&#8220;]<iframe src=\"https:\/\/www.google.com\/maps\/embed?pb=!1m18!1m12!1m3!1d3831.471408067875!2d9.794909899860425!3d46.45530095469036!2m3!1f0!2f0!3f0!3m2!1i1024!2i768!4f13.1!3m3!1m2!1s0x478481dc166c5d6d%3A0x11adab7301d77bb9!2sCamping%20Silvaplana!5e0!3m2!1sde!2sde!4v1734347202370!5m2!1sde!2sde\" width=\"100%\" height=\"450\" style=\"border:0;\" allowfullscreen=\"\" loading=\"lazy\"><\/iframe>[\/et_pb_fullwidth_code][\/et_pb_section][et_pb_section fb_built=&#8220;1&#8243; _builder_version=&#8220;4.16&#8243; _module_preset=&#8220;default&#8220; global_colors_info=&#8220;{}&#8220;][et_pb_row _builder_version=&#8220;4.16&#8243; _module_preset=&#8220;default&#8220; global_colors_info=&#8220;{}&#8220;][et_pb_column type=&#8220;4_4&#8243; _builder_version=&#8220;4.16&#8243; _module_preset=&#8220;default&#8220; global_colors_info=&#8220;{}&#8220;][et_pb_text _builder_version=&#8220;4.16&#8243; _module_preset=&#8220;default&#8220; global_colors_info=&#8220;{}&#8220;]<h1 style=\"text-align: center;\">ANREISE<\/h1>\n<p>&nbsp;<\/p>\n<p style=\"text-align: center;\">Silvaplana liegt im Engadin, im s\u00fcdlichen Teil des Kanton Graub\u00fcndens, und ist direkter Nachbar von St.Moritz. \u00a0<\/p>\n<p style=\"text-align: center;\">Folgende Anreisem\u00f6glichkeiten habt ihr:<\/p>[\/et_pb_text][\/et_pb_column][\/et_pb_row][et_pb_row column_structure=&#8220;1_3,1_3,1_3&#8243; module_id=&#8220;travel-icons&#8220; _builder_version=&#8220;4.16&#8243; _module_preset=&#8220;default&#8220; global_colors_info=&#8220;{}&#8220;][et_pb_column type=&#8220;1_3&#8243; _builder_version=&#8220;4.16&#8243; _module_preset=&#8220;default&#8220; global_colors_info=&#8220;{}&#8220;][et_pb_blurb title=&#8220;Auto&#8220; image=&#8220;https:\/\/www.sgrail.country\/silvaplana\/wp-content\/uploads\/2021\/09\/car-side-solid-min.svg&#8220; _builder_version=&#8220;4.27.4&#8243; _module_preset=&#8220;default&#8220; global_colors_info=&#8220;{}&#8220;]<p style=\"text-align: left;\">Wenn du lieber mit dem Auto anreist, hier die beste Route:<br \/><strong>1. Aus der Schweiz:<\/strong><br \/>Fahre \u00fcber Chur und weiter auf der Autobahn A13 in Richtung Thusis.<br \/>Folge dort der Beschilderung Richtung Julierpass (Route 3). Am Fusse des Passes ist Silvaplana.<\/p>\n<p style=\"text-align: left;\"><strong>2. Aus Italien:<\/strong><br \/>Fahre \u00fcber Chiavenna und den Maloja-Pass. Silvaplana befindet sich nur wenige Kilometer hinter der Passh\u00f6he.<\/p>\n<p style=\"text-align: left;\"><strong>3. Aus \u00d6sterreich oder Deutschland:<\/strong><br \/>Nimm die Route \u00fcber Landeck nach Zernez und weiter durchs Engadin nach Silvaplana.<\/p>[\/et_pb_blurb][\/et_pb_column][et_pb_column type=&#8220;1_3&#8243; _builder_version=&#8220;4.16&#8243; _module_preset=&#8220;default&#8220; global_colors_info=&#8220;{}&#8220;][et_pb_blurb title=&#8220;Flugzeug&#8220; image=&#8220;https:\/\/www.sgrail.country\/silvaplana\/wp-content\/uploads\/2021\/09\/plane-solid-min.svg&#8220; _builder_version=&#8220;4.27.4&#8243; _module_preset=&#8220;default&#8220; global_colors_info=&#8220;{}&#8220;]<p>N\u00e4chstgelegene internationale Flugh\u00e4fen:<br \/><strong>1. Flughafen Z\u00fcrich (ZRH):<\/strong><br \/>Entfernung: ca. 200 km (ca. 3 Stunden mit dem Auto oder Zug)<br \/>Verbindung: Von Z\u00fcrich gelangst du mit der Bahn \u00fcber Chur und die Rh\u00e4tische Bahn nach Silvaplana.<\/p>\n<p><strong>2. Flughafen Mailand Malpensa (MXP):<\/strong><br \/>Entfernung: ca. 180 km (ca. 3 Stunden mit dem Auto)<br \/>Verbindung: Von Mailand kommst du \u00fcber den Maloja-Pass nach Silvaplana.<\/p>\n<p>F\u00fcr eine reibungslose Weiterreise empfiehlt sich der Flughafen Z\u00fcrich, da hier die beste Anbindung mit \u00f6ffentlichen Verkehrsmitteln besteht.<\/p>[\/et_pb_blurb][\/et_pb_column][et_pb_column type=&#8220;1_3&#8243; _builder_version=&#8220;4.16&#8243; _module_preset=&#8220;default&#8220; global_colors_info=&#8220;{}&#8220;][et_pb_blurb title=&#8220;Zug + Bus&#8220; image=&#8220;https:\/\/www.sgrail.country\/silvaplana\/wp-content\/uploads\/2021\/09\/train-solid-min.svg&#8220; _builder_version=&#8220;4.27.4&#8243; _module_preset=&#8220;default&#8220; max_width=&#8220;100%&#8220; global_colors_info=&#8220;{}&#8220;]<p><strong>1. Mit dem Zug<\/strong>:<br \/>Nimm den Zug bis Chur \u2013 dieser Bahnhof wird von vielen grossen St\u00e4dten in der Schweiz und dar\u00fcber hinaus regelm\u00e4ssig angefahren.<br \/>Von Chur aus geht es mit der Rh\u00e4tischen Bahn (RhB) weiter \u00fcber die wundersch\u00f6ne Albulalinie nach St. Moritz. Die Zugfahrt ist ein echtes Highlight, da die Strecke zum UNESCO-Weltkulturerbe geh\u00f6rt.<\/p>\n<p><strong>2. Weiter mit dem Bus:<\/strong><br \/>Vom Bahnhof St. Moritz bringt dich der Engadin Bus (Linie 1) in etwa 15 Minuten direkt nach Silvaplana.<br \/>Steige an der Haltestelle Silvaplana Kreisel Mitte aus \u2013 von hier sind es nur wenige Schritte bis zum Veranstaltungsgel\u00e4nde.<\/p>[\/et_pb_blurb][\/et_pb_column][\/et_pb_row][\/et_pb_section]\n","protected":false},"excerpt":{"rendered":"<p>ANREISE &nbsp; Silvaplana liegt im Engadin, im s\u00fcdlichen Teil des Kanton Graub\u00fcndens, und ist direkter Nachbar von St.Moritz. \u00a0 Folgende Anreisem\u00f6glichkeiten habt ihr:Wenn du lieber mit dem Auto anreist, hier die beste Route:1. Aus der Schweiz:Fahre \u00fcber Chur und weiter auf der Autobahn A13 in Richtung Thusis.Folge dort der Beschilderung Richtung Julierpass (Route 3). Am [&hellip;]<\/p>\n","protected":false},"author":1,"featured_media":0,"parent":0,"menu_order":0,"comment_status":"closed","ping_status":"closed","template":"","meta":{"_et_pb_use_builder":"on","_et_pb_old_content":"","_et_gb_content_width":"","footnotes":""},"class_list":["post-235","page","type-page","status-publish","hentry"],"yoast_head":"<!-- This site is optimized with the Yoast SEO plugin v25.8 - https:\/\/yoast.com\/wordpress\/plugins\/seo\/ -->\n<title>How to get there - SGRAIL SILVAPLANA<\/title>\n<meta name=\"description\" content=\"Plane deine Anreise zum SGRAIL78 nach Silvaplana. Infos zu \u00d6V, Parkpl\u00e4tzen &amp; Anfahrt. Stressfrei ankommen &amp; den Gravel-Triathlon geniessen\" \/>\n<meta name=\"robots\" content=\"index, follow, max-snippet:-1, max-image-preview:large, max-video-preview:-1\" \/>\n<link rel=\"canonical\" href=\"https:\/\/www.sgrail.country\/silvaplana\/how-to-get-there\/\" \/>\n<meta property=\"og:locale\" content=\"de_DE\" \/>\n<meta property=\"og:type\" content=\"article\" \/>\n<meta property=\"og:title\" content=\"How to get there - SGRAIL SILVAPLANA\" \/>\n<meta property=\"og:description\" content=\"Plane deine Anreise zum SGRAIL78 nach Silvaplana. Infos zu \u00d6V, Parkpl\u00e4tzen &amp; Anfahrt. Stressfrei ankommen &amp; den Gravel-Triathlon geniessen\" \/>\n<meta property=\"og:url\" content=\"https:\/\/www.sgrail.country\/silvaplana\/how-to-get-there\/\" \/>\n<meta property=\"og:site_name\" content=\"SGRAIL SILVAPLANA\" \/>\n<meta property=\"article:publisher\" content=\"https:\/\/www.facebook.com\/p\/Sgrail-Country-61574893363284\/\" \/>\n<meta property=\"article:modified_time\" content=\"2026-03-23T17:21:36+00:00\" \/>\n<meta name=\"twitter:card\" content=\"summary_large_image\" \/>\n<meta name=\"twitter:label1\" content=\"Gesch\u00e4tzte Lesezeit\" \/>\n\t<meta name=\"twitter:data1\" content=\"3\u00a0Minuten\" \/>\n<script type=\"application\/ld+json\" class=\"yoast-schema-graph\">{\"@context\":\"https:\/\/schema.org\",\"@graph\":[{\"@type\":\"WebPage\",\"@id\":\"https:\/\/www.sgrail.country\/silvaplana\/how-to-get-there\/\",\"url\":\"https:\/\/www.sgrail.country\/silvaplana\/how-to-get-there\/\",\"name\":\"How to get there - SGRAIL SILVAPLANA\",\"isPartOf\":{\"@id\":\"https:\/\/www.sgrail.country\/silvaplana\/#website\"},\"datePublished\":\"2021-09-28T11:01:28+00:00\",\"dateModified\":\"2026-03-23T17:21:36+00:00\",\"description\":\"Plane deine Anreise zum SGRAIL78 nach Silvaplana. Infos zu \u00d6V, Parkpl\u00e4tzen & Anfahrt. Stressfrei ankommen & den Gravel-Triathlon geniessen\",\"breadcrumb\":{\"@id\":\"https:\/\/www.sgrail.country\/silvaplana\/how-to-get-there\/#breadcrumb\"},\"inLanguage\":\"de\",\"potentialAction\":[{\"@type\":\"ReadAction\",\"target\":[\"https:\/\/www.sgrail.country\/silvaplana\/how-to-get-there\/\"]}]},{\"@type\":\"BreadcrumbList\",\"@id\":\"https:\/\/www.sgrail.country\/silvaplana\/how-to-get-there\/#breadcrumb\",\"itemListElement\":[{\"@type\":\"ListItem\",\"position\":1,\"name\":\"Home\",\"item\":\"https:\/\/www.sgrail.country\/silvaplana\/\"},{\"@type\":\"ListItem\",\"position\":2,\"name\":\"How to get there\"}]},{\"@type\":\"WebSite\",\"@id\":\"https:\/\/www.sgrail.country\/silvaplana\/#website\",\"url\":\"https:\/\/www.sgrail.country\/silvaplana\/\",\"name\":\"SGRAIL SILVAPLANA\",\"description\":\"SWIM - GRAVEL - TRAIL\",\"publisher\":{\"@id\":\"https:\/\/www.sgrail.country\/silvaplana\/#organization\"},\"potentialAction\":[{\"@type\":\"SearchAction\",\"target\":{\"@type\":\"EntryPoint\",\"urlTemplate\":\"https:\/\/www.sgrail.country\/silvaplana\/?s={search_term_string}\"},\"query-input\":{\"@type\":\"PropertyValueSpecification\",\"valueRequired\":true,\"valueName\":\"search_term_string\"}}],\"inLanguage\":\"de\"},{\"@type\":\"Organization\",\"@id\":\"https:\/\/www.sgrail.country\/silvaplana\/#organization\",\"name\":\"SGRAIL SILVAPLANA\",\"url\":\"https:\/\/www.sgrail.country\/silvaplana\/\",\"logo\":{\"@type\":\"ImageObject\",\"inLanguage\":\"de\",\"@id\":\"https:\/\/www.sgrail.country\/silvaplana\/#\/schema\/logo\/image\/\",\"url\":\"https:\/\/www.sgrail.country\/silvaplana\/wp-content\/uploads\/2025\/12\/sgrail78-Logo_silvaplana.jpg\",\"contentUrl\":\"https:\/\/www.sgrail.country\/silvaplana\/wp-content\/uploads\/2025\/12\/sgrail78-Logo_silvaplana.jpg\",\"width\":1318,\"height\":740,\"caption\":\"SGRAIL SILVAPLANA\"},\"image\":{\"@id\":\"https:\/\/www.sgrail.country\/silvaplana\/#\/schema\/logo\/image\/\"},\"sameAs\":[\"https:\/\/www.facebook.com\/p\/Sgrail-Country-61574893363284\/\",\"https:\/\/www.instagram.com\/sgrail.country\/\"]}]}<\/script>\n<!-- \/ Yoast SEO plugin. -->","yoast_head_json":{"title":"How to get there - SGRAIL SILVAPLANA","description":"Plane deine Anreise zum SGRAIL78 nach Silvaplana. Infos zu \u00d6V, Parkpl\u00e4tzen & Anfahrt. Stressfrei ankommen & den Gravel-Triathlon geniessen","robots":{"index":"index","follow":"follow","max-snippet":"max-snippet:-1","max-image-preview":"max-image-preview:large","max-video-preview":"max-video-preview:-1"},"canonical":"https:\/\/www.sgrail.country\/silvaplana\/how-to-get-there\/","og_locale":"de_DE","og_type":"article","og_title":"How to get there - SGRAIL SILVAPLANA","og_description":"Plane deine Anreise zum SGRAIL78 nach Silvaplana. Infos zu \u00d6V, Parkpl\u00e4tzen & Anfahrt. Stressfrei ankommen & den Gravel-Triathlon geniessen","og_url":"https:\/\/www.sgrail.country\/silvaplana\/how-to-get-there\/","og_site_name":"SGRAIL SILVAPLANA","article_publisher":"https:\/\/www.facebook.com\/p\/Sgrail-Country-61574893363284\/","article_modified_time":"2026-03-23T17:21:36+00:00","twitter_card":"summary_large_image","twitter_misc":{"Gesch\u00e4tzte Lesezeit":"3\u00a0Minuten"},"schema":{"@context":"https:\/\/schema.org","@graph":[{"@type":"WebPage","@id":"https:\/\/www.sgrail.country\/silvaplana\/how-to-get-there\/","url":"https:\/\/www.sgrail.country\/silvaplana\/how-to-get-there\/","name":"How to get there - SGRAIL SILVAPLANA","isPartOf":{"@id":"https:\/\/www.sgrail.country\/silvaplana\/#website"},"datePublished":"2021-09-28T11:01:28+00:00","dateModified":"2026-03-23T17:21:36+00:00","description":"Plane deine Anreise zum SGRAIL78 nach Silvaplana. Infos zu \u00d6V, Parkpl\u00e4tzen & Anfahrt. Stressfrei ankommen & den Gravel-Triathlon geniessen","breadcrumb":{"@id":"https:\/\/www.sgrail.country\/silvaplana\/how-to-get-there\/#breadcrumb"},"inLanguage":"de","potentialAction":[{"@type":"ReadAction","target":["https:\/\/www.sgrail.country\/silvaplana\/how-to-get-there\/"]}]},{"@type":"BreadcrumbList","@id":"https:\/\/www.sgrail.country\/silvaplana\/how-to-get-there\/#breadcrumb","itemListElement":[{"@type":"ListItem","position":1,"name":"Home","item":"https:\/\/www.sgrail.country\/silvaplana\/"},{"@type":"ListItem","position":2,"name":"How to get there"}]},{"@type":"WebSite","@id":"https:\/\/www.sgrail.country\/silvaplana\/#website","url":"https:\/\/www.sgrail.country\/silvaplana\/","name":"SGRAIL SILVAPLANA","description":"SWIM - GRAVEL - TRAIL","publisher":{"@id":"https:\/\/www.sgrail.country\/silvaplana\/#organization"},"potentialAction":[{"@type":"SearchAction","target":{"@type":"EntryPoint","urlTemplate":"https:\/\/www.sgrail.country\/silvaplana\/?s={search_term_string}"},"query-input":{"@type":"PropertyValueSpecification","valueRequired":true,"valueName":"search_term_string"}}],"inLanguage":"de"},{"@type":"Organization","@id":"https:\/\/www.sgrail.country\/silvaplana\/#organization","name":"SGRAIL SILVAPLANA","url":"https:\/\/www.sgrail.country\/silvaplana\/","logo":{"@type":"ImageObject","inLanguage":"de","@id":"https:\/\/www.sgrail.country\/silvaplana\/#\/schema\/logo\/image\/","url":"https:\/\/www.sgrail.country\/silvaplana\/wp-content\/uploads\/2025\/12\/sgrail78-Logo_silvaplana.jpg","contentUrl":"https:\/\/www.sgrail.country\/silvaplana\/wp-content\/uploads\/2025\/12\/sgrail78-Logo_silvaplana.jpg","width":1318,"height":740,"caption":"SGRAIL SILVAPLANA"},"image":{"@id":"https:\/\/www.sgrail.country\/silvaplana\/#\/schema\/logo\/image\/"},"sameAs":["https:\/\/www.facebook.com\/p\/Sgrail-Country-61574893363284\/","https:\/\/www.instagram.com\/sgrail.country\/"]}]}},"_links":{"self":[{"href":"https:\/\/www.sgrail.country\/silvaplana\/wp-json\/wp\/v2\/pages\/235","targetHints":{"allow":["GET"]}}],"collection":[{"href":"https:\/\/www.sgrail.country\/silvaplana\/wp-json\/wp\/v2\/pages"}],"about":[{"href":"https:\/\/www.sgrail.country\/silvaplana\/wp-json\/wp\/v2\/types\/page"}],"author":[{"embeddable":true,"href":"https:\/\/www.sgrail.country\/silvaplana\/wp-json\/wp\/v2\/users\/1"}],"replies":[{"embeddable":true,"href":"https:\/\/www.sgrail.country\/silvaplana\/wp-json\/wp\/v2\/comments?post=235"}],"version-history":[{"count":25,"href":"https:\/\/www.sgrail.country\/silvaplana\/wp-json\/wp\/v2\/pages\/235\/revisions"}],"predecessor-version":[{"id":3165,"href":"https:\/\/www.sgrail.country\/silvaplana\/wp-json\/wp\/v2\/pages\/235\/revisions\/3165"}],"wp:attachment":[{"href":"https:\/\/www.sgrail.country\/silvaplana\/wp-json\/wp\/v2\/media?parent=235"}],"curies":[{"name":"wp","href":"https:\/\/api.w.org\/{rel}","templated":true}]}}