{"id":47,"date":"2021-09-25T10:34:41","date_gmt":"2021-09-25T10:34:41","guid":{"rendered":"https:\/\/www.sgrail.country\/silvaplana.com\/?page_id=47"},"modified":"2026-03-15T13:06:09","modified_gmt":"2026-03-15T12:06:09","slug":"vision","status":"publish","type":"page","link":"https:\/\/www.sgrail.country\/silvaplana\/vision\/","title":{"rendered":"Vision"},"content":{"rendered":"<p>[et_pb_section fb_built=&#8220;1&#8243; fullwidth=&#8220;on&#8220; _builder_version=&#8220;4.16&#8243; _module_preset=&#8220;default&#8220; global_colors_info=&#8220;{}&#8220;][et_pb_fullwidth_image src=&#8220;https:\/\/www.sgrail.country\/silvaplana\/wp-content\/uploads\/2022\/05\/Finish_beer_wide4.jpg&#8220; alt=&#8220;GRAVEL&#8220; title_text=&#8220;Finish_beer_wide4&#8243; _builder_version=&#8220;4.27.4&#8243; _module_preset=&#8220;default&#8220; global_colors_info=&#8220;{}&#8220;][\/et_pb_fullwidth_image][\/et_pb_section][et_pb_section fb_built=&#8220;1&#8243; admin_label=&#8220;About&#8220; _builder_version=&#8220;4.16&#8243; custom_padding=&#8220;||21px|||&#8220; global_colors_info=&#8220;{}&#8220;][et_pb_row _builder_version=&#8220;4.16&#8243; global_colors_info=&#8220;{}&#8220;][et_pb_column type=&#8220;4_4&#8243; _builder_version=&#8220;4.16&#8243; custom_padding=&#8220;|||&#8220; global_colors_info=&#8220;{}&#8220; custom_padding__hover=&#8220;|||&#8220;][et_pb_text _builder_version=&#8220;4.27.4&#8243; text_font=&#8220;||||||||&#8220; header_font=&#8220;||||||||&#8220; header_2_font=&#8220;Montserrat|500|||||||&#8220; header_2_font_size=&#8220;30px&#8220; text_orientation=&#8220;center&#8220; global_colors_info=&#8220;{}&#8220;]<\/p>\n<h2>WARUM SGRAIL?<\/h2>\n<p>[\/et_pb_text][\/et_pb_column][\/et_pb_row][et_pb_row _builder_version=&#8220;4.16&#8243; _module_preset=&#8220;default&#8220; global_colors_info=&#8220;{}&#8220;][et_pb_column type=&#8220;4_4&#8243; _builder_version=&#8220;4.16&#8243; _module_preset=&#8220;default&#8220; global_colors_info=&#8220;{}&#8220;][et_pb_text _builder_version=&#8220;4.27.4&#8243; _module_preset=&#8220;default&#8220; global_colors_info=&#8220;{}&#8220;]<\/p>\n<p style=\"text-align: center;\"><span style=\"vertical-align: inherit; font-size: large;\"><span style=\"vertical-align: inherit;\"><span style=\"font-size: large;\">Die Frage, die uns am h\u00e4ufigsten gestellt wird, ist:<\/span> <\/span><\/span><\/p>\n<p style=\"text-align: center;\"><span style=\"vertical-align: inherit; font-size: large;\"><span style=\"vertical-align: inherit;\"><span style=\"font-size: large;\">&#8222;Was kommt als n\u00e4chstes? Welchen Titel, welcher Rekord oder welche<\/span><span style=\"font-size: large;\"> Herausforderung als N\u00e4chstes?&#8220;<\/span><\/span><\/span><\/p>\n<p style=\"text-align: center;\"><span style=\"vertical-align: inherit; font-size: large;\"><span style=\"vertical-align: inherit;\">Um ehrlich zu sein, wir sind hier, weil wir diesen Sport und seine ganze Vielfalt lieben, die Nervosit\u00e4t vor grossen Rennen, aber auch die Freude, sich diese Tage zu erarbeiten. Besonders in dieser Zeit sollte die Natur unser Spielplatz sein und es ist was besonderes und wird niemals langweilig und es ist v\u00f6llig ok sich dort draussen auch mal zu verirren. An diesem Punkt kommt also SGRAIL ins Spiel \u2013 stundenlanges Erkunden der Umgebung mit Freunden, gegenseitiges Anspornen, aber nie nur f\u00fcr die pers\u00f6nliche Bestleistung. Gemeinsame Freude am Sport im Freien und\u00a0 nach einem magischen Tag als Gemeinschaft zusammensitzen und bei einem Kaffee oder Bier die Heldengeschichten des Tages auszutauschen.<\/span><\/span><\/p>\n<p style=\"text-align: center;\"><span style=\"vertical-align: inherit; font-size: large;\"><span style=\"vertical-align: inherit;\">\u2013 Jan Frodeno<\/span><\/span><\/p>\n<p>[\/et_pb_text][\/et_pb_column][\/et_pb_row][et_pb_row column_structure=&#8220;1_3,1_3,1_3&#8243; _builder_version=&#8220;4.27.4&#8243; _module_preset=&#8220;default&#8220; global_colors_info=&#8220;{}&#8220;][et_pb_column type=&#8220;1_3&#8243; _builder_version=&#8220;4.27.4&#8243; _module_preset=&#8220;default&#8220; global_colors_info=&#8220;{}&#8220;][et_pb_image src=&#8220;https:\/\/www.sgrail.country\/silvaplana\/wp-content\/uploads\/2025\/02\/HolySgrail2.jpg&#8220; title_text=&#8220;HolySgrail2&#8243; _builder_version=&#8220;4.27.4&#8243; _module_preset=&#8220;default&#8220; global_colors_info=&#8220;{}&#8220;][\/et_pb_image][\/et_pb_column][et_pb_column type=&#8220;1_3&#8243; _builder_version=&#8220;4.27.4&#8243; _module_preset=&#8220;default&#8220; global_colors_info=&#8220;{}&#8220;][et_pb_image src=&#8220;https:\/\/www.sgrail.country\/silvaplana\/wp-content\/uploads\/2025\/02\/HolySgrail1.jpg&#8220; title_text=&#8220;HolySgrail1&#8243; _builder_version=&#8220;4.27.4&#8243; _module_preset=&#8220;default&#8220; global_colors_info=&#8220;{}&#8220;][\/et_pb_image][\/et_pb_column][et_pb_column type=&#8220;1_3&#8243; _builder_version=&#8220;4.27.4&#8243; _module_preset=&#8220;default&#8220; global_colors_info=&#8220;{}&#8220;][et_pb_image src=&#8220;https:\/\/www.sgrail.country\/silvaplana\/wp-content\/uploads\/2025\/02\/HolySgrail3.jpg&#8220; title_text=&#8220;HolySgrail3&#8243; _builder_version=&#8220;4.27.4&#8243; _module_preset=&#8220;default&#8220; global_colors_info=&#8220;{}&#8220;][\/et_pb_image][\/et_pb_column][\/et_pb_row][et_pb_row _builder_version=&#8220;4.16&#8243; _module_preset=&#8220;default&#8220; global_colors_info=&#8220;{}&#8220;][et_pb_column type=&#8220;4_4&#8243; _builder_version=&#8220;4.16&#8243; _module_preset=&#8220;default&#8220; global_colors_info=&#8220;{}&#8220;][et_pb_text _builder_version=&#8220;4.27.4&#8243; text_font=&#8220;||||||||&#8220; header_font=&#8220;||||||||&#8220; header_2_font=&#8220;Montserrat|500|||||||&#8220; header_2_font_size=&#8220;30px&#8220; text_orientation=&#8220;center&#8220; global_colors_info=&#8220;{}&#8220;]<\/p>\n<h2>SGRAIL78 SILVAPLANA<\/h2>\n<p>[\/et_pb_text][et_pb_text _builder_version=&#8220;4.27.4&#8243; _module_preset=&#8220;default&#8220; custom_padding=&#8220;31px|||||&#8220; global_colors_info=&#8220;{}&#8220;]<\/p>\n<p style=\"text-align: center;\"><span style=\"font-size: large;\">Die Geburtsstunde des SGRAIL78 Silvaplana war der SGRAIL100 in Girona 2023. Als wir dort die Ziellinie \u00fcberquerten, war klar &#8211; dieses Format wollen wir in die Schweiz bringen. SGRAIL bedeutet f\u00fcr uns unsere Leidenschaft Triathlon mit Lifestyle und Community zu verbinden. Mit Silvaplana als Host Gemeinde, Semira Bontognali <\/span><span style=\"font-size: large;\">und dem Home of Triathlon als Partnerclub fanden wir die idealen Partner und erg\u00e4nzten die SGRAIL Serie um ein Rennen in alpiner Atmosph\u00e4re. See you in Silvaplana!<\/span><\/p>\n<p style=\"text-align: center;\"><span style=\"font-size: large;\">&#8211; Daniela und Mario<\/span><\/p>\n<p style=\"text-align: center;\"><span style=\"font-size: large;\"><\/span><\/p>\n<p>[\/et_pb_text][\/et_pb_column][\/et_pb_row][\/et_pb_section][et_pb_section fb_built=&#8220;1&#8243; fullwidth=&#8220;on&#8220; _builder_version=&#8220;4.27.4&#8243; _module_preset=&#8220;default&#8220; custom_padding=&#8220;0px|||||&#8220; global_colors_info=&#8220;{}&#8220;][et_pb_fullwidth_image src=&#8220;https:\/\/www.sgrail.country\/silvaplana\/wp-content\/uploads\/2024\/12\/78_distance.png&#8220; title_text=&#8220;78_distance&#8220; src_last_edited=&#8220;off|desktop&#8220; _builder_version=&#8220;4.27.4&#8243; _module_preset=&#8220;default&#8220; background_color=&#8220;#000000&#8243; min_height=&#8220;279.9px&#8220; custom_padding=&#8220;26px|54px||50px||&#8220; global_colors_info=&#8220;{}&#8220;][\/et_pb_fullwidth_image][\/et_pb_section][et_pb_section fb_built=&#8220;1&#8243; _builder_version=&#8220;4.27.4&#8243; _module_preset=&#8220;default&#8220; global_colors_info=&#8220;{}&#8220;][et_pb_row _builder_version=&#8220;4.27.4&#8243; _module_preset=&#8220;default&#8220; global_colors_info=&#8220;{}&#8220;][et_pb_column type=&#8220;4_4&#8243; _builder_version=&#8220;4.27.4&#8243; _module_preset=&#8220;default&#8220; global_colors_info=&#8220;{}&#8220;][et_pb_divider show_divider=&#8220;off&#8220; _builder_version=&#8220;4.27.4&#8243; _module_preset=&#8220;default&#8220; global_colors_info=&#8220;{}&#8220;][\/et_pb_divider][\/et_pb_column][\/et_pb_row][\/et_pb_section]<\/p>\n","protected":false},"excerpt":{"rendered":"<p>WARUM SGRAIL?Die Frage, die uns am h\u00e4ufigsten gestellt wird, ist: &#8222;Was kommt als n\u00e4chstes? Welchen Titel, welcher Rekord oder welche Herausforderung als N\u00e4chstes?&#8220; Um ehrlich zu sein, wir sind hier, weil wir diesen Sport und seine ganze Vielfalt lieben, die Nervosit\u00e4t vor grossen Rennen, aber auch die Freude, sich diese Tage zu erarbeiten. Besonders in [&hellip;]<\/p>\n","protected":false},"author":1,"featured_media":0,"parent":0,"menu_order":0,"comment_status":"closed","ping_status":"closed","template":"","meta":{"_et_pb_use_builder":"on","_et_pb_old_content":"<!-- wp:divi\/placeholder \/-->","_et_gb_content_width":"","footnotes":""},"class_list":["post-47","page","type-page","status-publish","hentry"],"yoast_head":"<!-- This site is optimized with the Yoast SEO plugin v25.8 - https:\/\/yoast.com\/wordpress\/plugins\/seo\/ -->\n<title>Vision - SGRAIL SILVAPLANA<\/title>\n<meta name=\"robots\" content=\"index, follow, max-snippet:-1, max-image-preview:large, max-video-preview:-1\" \/>\n<link rel=\"canonical\" href=\"https:\/\/www.sgrail.country\/silvaplana\/vision\/\" \/>\n<meta property=\"og:locale\" content=\"de_DE\" \/>\n<meta property=\"og:type\" content=\"article\" \/>\n<meta property=\"og:title\" content=\"Vision - SGRAIL SILVAPLANA\" \/>\n<meta property=\"og:description\" content=\"WARUM SGRAIL?Die Frage, die uns am h\u00e4ufigsten gestellt wird, ist: &quot;Was kommt als n\u00e4chstes? Welchen Titel, welcher Rekord oder welche Herausforderung als N\u00e4chstes?&quot; Um ehrlich zu sein, wir sind hier, weil wir diesen Sport und seine ganze Vielfalt lieben, die Nervosit\u00e4t vor grossen Rennen, aber auch die Freude, sich diese Tage zu erarbeiten. Besonders in [&hellip;]\" \/>\n<meta property=\"og:url\" content=\"https:\/\/www.sgrail.country\/silvaplana\/vision\/\" \/>\n<meta property=\"og:site_name\" content=\"SGRAIL SILVAPLANA\" \/>\n<meta property=\"article:publisher\" content=\"https:\/\/www.facebook.com\/p\/Sgrail-Country-61574893363284\/\" \/>\n<meta property=\"article:modified_time\" content=\"2026-03-15T12:06:09+00:00\" \/>\n<meta name=\"twitter:card\" content=\"summary_large_image\" \/>\n<meta name=\"twitter:label1\" content=\"Gesch\u00e4tzte Lesezeit\" \/>\n\t<meta name=\"twitter:data1\" content=\"4\u00a0Minuten\" \/>\n<script type=\"application\/ld+json\" class=\"yoast-schema-graph\">{\"@context\":\"https:\/\/schema.org\",\"@graph\":[{\"@type\":\"WebPage\",\"@id\":\"https:\/\/www.sgrail.country\/silvaplana\/vision\/\",\"url\":\"https:\/\/www.sgrail.country\/silvaplana\/vision\/\",\"name\":\"Vision - SGRAIL SILVAPLANA\",\"isPartOf\":{\"@id\":\"https:\/\/www.sgrail.country\/silvaplana\/#website\"},\"datePublished\":\"2021-09-25T10:34:41+00:00\",\"dateModified\":\"2026-03-15T12:06:09+00:00\",\"breadcrumb\":{\"@id\":\"https:\/\/www.sgrail.country\/silvaplana\/vision\/#breadcrumb\"},\"inLanguage\":\"de\",\"potentialAction\":[{\"@type\":\"ReadAction\",\"target\":[\"https:\/\/www.sgrail.country\/silvaplana\/vision\/\"]}]},{\"@type\":\"BreadcrumbList\",\"@id\":\"https:\/\/www.sgrail.country\/silvaplana\/vision\/#breadcrumb\",\"itemListElement\":[{\"@type\":\"ListItem\",\"position\":1,\"name\":\"Home\",\"item\":\"https:\/\/www.sgrail.country\/silvaplana\/\"},{\"@type\":\"ListItem\",\"position\":2,\"name\":\"Vision\"}]},{\"@type\":\"WebSite\",\"@id\":\"https:\/\/www.sgrail.country\/silvaplana\/#website\",\"url\":\"https:\/\/www.sgrail.country\/silvaplana\/\",\"name\":\"SGRAIL SILVAPLANA\",\"description\":\"SWIM - GRAVEL - TRAIL\",\"publisher\":{\"@id\":\"https:\/\/www.sgrail.country\/silvaplana\/#organization\"},\"potentialAction\":[{\"@type\":\"SearchAction\",\"target\":{\"@type\":\"EntryPoint\",\"urlTemplate\":\"https:\/\/www.sgrail.country\/silvaplana\/?s={search_term_string}\"},\"query-input\":{\"@type\":\"PropertyValueSpecification\",\"valueRequired\":true,\"valueName\":\"search_term_string\"}}],\"inLanguage\":\"de\"},{\"@type\":\"Organization\",\"@id\":\"https:\/\/www.sgrail.country\/silvaplana\/#organization\",\"name\":\"SGRAIL SILVAPLANA\",\"url\":\"https:\/\/www.sgrail.country\/silvaplana\/\",\"logo\":{\"@type\":\"ImageObject\",\"inLanguage\":\"de\",\"@id\":\"https:\/\/www.sgrail.country\/silvaplana\/#\/schema\/logo\/image\/\",\"url\":\"https:\/\/www.sgrail.country\/silvaplana\/wp-content\/uploads\/2025\/12\/sgrail78-Logo_silvaplana.jpg\",\"contentUrl\":\"https:\/\/www.sgrail.country\/silvaplana\/wp-content\/uploads\/2025\/12\/sgrail78-Logo_silvaplana.jpg\",\"width\":1318,\"height\":740,\"caption\":\"SGRAIL SILVAPLANA\"},\"image\":{\"@id\":\"https:\/\/www.sgrail.country\/silvaplana\/#\/schema\/logo\/image\/\"},\"sameAs\":[\"https:\/\/www.facebook.com\/p\/Sgrail-Country-61574893363284\/\",\"https:\/\/www.instagram.com\/sgrail.country\/\"]}]}<\/script>\n<!-- \/ Yoast SEO plugin. -->","yoast_head_json":{"title":"Vision - SGRAIL SILVAPLANA","robots":{"index":"index","follow":"follow","max-snippet":"max-snippet:-1","max-image-preview":"max-image-preview:large","max-video-preview":"max-video-preview:-1"},"canonical":"https:\/\/www.sgrail.country\/silvaplana\/vision\/","og_locale":"de_DE","og_type":"article","og_title":"Vision - SGRAIL SILVAPLANA","og_description":"WARUM SGRAIL?Die Frage, die uns am h\u00e4ufigsten gestellt wird, ist: \"Was kommt als n\u00e4chstes? Welchen Titel, welcher Rekord oder welche Herausforderung als N\u00e4chstes?\" Um ehrlich zu sein, wir sind hier, weil wir diesen Sport und seine ganze Vielfalt lieben, die Nervosit\u00e4t vor grossen Rennen, aber auch die Freude, sich diese Tage zu erarbeiten. Besonders in [&hellip;]","og_url":"https:\/\/www.sgrail.country\/silvaplana\/vision\/","og_site_name":"SGRAIL SILVAPLANA","article_publisher":"https:\/\/www.facebook.com\/p\/Sgrail-Country-61574893363284\/","article_modified_time":"2026-03-15T12:06:09+00:00","twitter_card":"summary_large_image","twitter_misc":{"Gesch\u00e4tzte Lesezeit":"4\u00a0Minuten"},"schema":{"@context":"https:\/\/schema.org","@graph":[{"@type":"WebPage","@id":"https:\/\/www.sgrail.country\/silvaplana\/vision\/","url":"https:\/\/www.sgrail.country\/silvaplana\/vision\/","name":"Vision - SGRAIL SILVAPLANA","isPartOf":{"@id":"https:\/\/www.sgrail.country\/silvaplana\/#website"},"datePublished":"2021-09-25T10:34:41+00:00","dateModified":"2026-03-15T12:06:09+00:00","breadcrumb":{"@id":"https:\/\/www.sgrail.country\/silvaplana\/vision\/#breadcrumb"},"inLanguage":"de","potentialAction":[{"@type":"ReadAction","target":["https:\/\/www.sgrail.country\/silvaplana\/vision\/"]}]},{"@type":"BreadcrumbList","@id":"https:\/\/www.sgrail.country\/silvaplana\/vision\/#breadcrumb","itemListElement":[{"@type":"ListItem","position":1,"name":"Home","item":"https:\/\/www.sgrail.country\/silvaplana\/"},{"@type":"ListItem","position":2,"name":"Vision"}]},{"@type":"WebSite","@id":"https:\/\/www.sgrail.country\/silvaplana\/#website","url":"https:\/\/www.sgrail.country\/silvaplana\/","name":"SGRAIL SILVAPLANA","description":"SWIM - GRAVEL - TRAIL","publisher":{"@id":"https:\/\/www.sgrail.country\/silvaplana\/#organization"},"potentialAction":[{"@type":"SearchAction","target":{"@type":"EntryPoint","urlTemplate":"https:\/\/www.sgrail.country\/silvaplana\/?s={search_term_string}"},"query-input":{"@type":"PropertyValueSpecification","valueRequired":true,"valueName":"search_term_string"}}],"inLanguage":"de"},{"@type":"Organization","@id":"https:\/\/www.sgrail.country\/silvaplana\/#organization","name":"SGRAIL SILVAPLANA","url":"https:\/\/www.sgrail.country\/silvaplana\/","logo":{"@type":"ImageObject","inLanguage":"de","@id":"https:\/\/www.sgrail.country\/silvaplana\/#\/schema\/logo\/image\/","url":"https:\/\/www.sgrail.country\/silvaplana\/wp-content\/uploads\/2025\/12\/sgrail78-Logo_silvaplana.jpg","contentUrl":"https:\/\/www.sgrail.country\/silvaplana\/wp-content\/uploads\/2025\/12\/sgrail78-Logo_silvaplana.jpg","width":1318,"height":740,"caption":"SGRAIL SILVAPLANA"},"image":{"@id":"https:\/\/www.sgrail.country\/silvaplana\/#\/schema\/logo\/image\/"},"sameAs":["https:\/\/www.facebook.com\/p\/Sgrail-Country-61574893363284\/","https:\/\/www.instagram.com\/sgrail.country\/"]}]}},"_links":{"self":[{"href":"https:\/\/www.sgrail.country\/silvaplana\/wp-json\/wp\/v2\/pages\/47","targetHints":{"allow":["GET"]}}],"collection":[{"href":"https:\/\/www.sgrail.country\/silvaplana\/wp-json\/wp\/v2\/pages"}],"about":[{"href":"https:\/\/www.sgrail.country\/silvaplana\/wp-json\/wp\/v2\/types\/page"}],"author":[{"embeddable":true,"href":"https:\/\/www.sgrail.country\/silvaplana\/wp-json\/wp\/v2\/users\/1"}],"replies":[{"embeddable":true,"href":"https:\/\/www.sgrail.country\/silvaplana\/wp-json\/wp\/v2\/comments?post=47"}],"version-history":[{"count":28,"href":"https:\/\/www.sgrail.country\/silvaplana\/wp-json\/wp\/v2\/pages\/47\/revisions"}],"predecessor-version":[{"id":3111,"href":"https:\/\/www.sgrail.country\/silvaplana\/wp-json\/wp\/v2\/pages\/47\/revisions\/3111"}],"wp:attachment":[{"href":"https:\/\/www.sgrail.country\/silvaplana\/wp-json\/wp\/v2\/media?parent=47"}],"curies":[{"name":"wp","href":"https:\/\/api.w.org\/{rel}","templated":true}]}}